{"id":1264,"date":"2026-01-19T16:50:46","date_gmt":"2026-01-19T15:50:46","guid":{"rendered":"https:\/\/www.fismedical.com\/verbaycreme\/?page_id=1264"},"modified":"2026-01-19T16:51:04","modified_gmt":"2026-01-19T15:51:04","slug":"privacy-policy","status":"publish","type":"page","link":"https:\/\/www.fismedical.com\/verbaycreme\/privacy-policy\/","title":{"rendered":"Privacy Policy"},"content":{"rendered":"\t\t<div data-elementor-type=\"wp-page\" data-elementor-id=\"1264\" class=\"elementor elementor-1264\" data-elementor-post-type=\"page\">\n\t\t\t\t<div class=\"elementor-element elementor-element-6ca02885 e-flex e-con-boxed e-con e-parent\" data-id=\"6ca02885\" data-element_type=\"container\" data-e-type=\"container\" data-settings=\"{&quot;background_background&quot;:&quot;classic&quot;}\">\n\t\t\t\t\t<div class=\"e-con-inner\">\n\t\t\t\t<div class=\"elementor-element elementor-element-6b545c7d elementor-widget elementor-widget-heading\" data-id=\"6b545c7d\" data-element_type=\"widget\" data-e-type=\"widget\" data-widget_type=\"heading.default\">\n\t\t\t\t\t<h2 class=\"elementor-heading-title elementor-size-default\">Privacy Policy<\/h2>\t\t\t\t<\/div>\n\t\t\t\t\t<\/div>\n\t\t\t\t<\/div>\n\t\t<div class=\"elementor-element elementor-element-6929321c e-flex e-con-boxed e-con e-parent\" data-id=\"6929321c\" data-element_type=\"container\" data-e-type=\"container\">\n\t\t\t\t\t<div class=\"e-con-inner\">\n\t\t\t\t<div class=\"elementor-element elementor-element-6d6d0e71 elementor-widget elementor-widget-text-editor\" data-id=\"6d6d0e71\" data-element_type=\"widget\" data-e-type=\"widget\" data-widget_type=\"text-editor.default\">\n\t\t\t\t\t\t\t\t\t<p><strong>NOTA INFORMATIVA SULLA PRIVACY rev.1 maggio 2022<\/strong><\/p><p>Gentile Utente\/ Navigatore,<br \/>durante la navigazione all\u2019interno del nostro sito web, a seconda delle funzionalit\u00e0 utilizzate, possono essere raccolti e trattati alcuni Suoi dati personali; ai sensi e per gli effetti del Reg. UE 2016\/679 le forniamo alcune informazioni relative al trattamento dei Suoi Dati Personali.<br \/>Segnaliamo che tali dati verranno trattati in accordo alle disposizioni legislative della normativa sopra richiamata e degli obblighi di riservatezza ivi previsti secondo i principi di correttezza, liceit\u00e0, trasparenza e di tutela della Sua riservatezza.<br \/>Il Titolare del Trattamento dei suoi dati personali \u00e8 Fismedical Srl responsabile nei suoi confronti del legittimo e corretto uso dei suoi dati personali e che potr\u00e0 contattare per qualsiasi informazione o richiesta ai seguenti recapiti:<br \/>Titolare del Trattamento: Fismedical Srl<br \/>Sede: Via Po, 146 \u2013 20032 Cormano (MI)<br \/>Contatti e recapiti:<br \/>Telefono: 02 6152374<br \/>E-mail: info@fismedical.com<br \/>L\u2019elenco aggiornato dei responsabili e degli incaricati al trattamento \u00e8 custodito presso la sede del Titolare del trattamento.<\/p><p><b>1.Oggetto del trattamento<\/b><br \/>Fismedical Srl si cura della tutela dei Suoi dati personali e rispetta la normativa sulla protezione dei dati personali applicabile (GDPR 2016\/679). I Suoi dati personali sono trattati con riservatezza e sono trasferiti a terzi unicamente in base a quanto previsto in questa Policy, o con il Suo consenso. Trattiamo i dati personali che ci fornisce durante l\u2019utilizzo del sito web e\/o dopo la registrazione al sito web.<br \/>In particolare, trattiamo:<br \/>\u2022 dati personali, identificativi e non sensibili (in particolare, nome, cognome, codice fiscale, p. iva, email, numero telefonico \u2013 in seguito, \u201cdati personali\u201d o anche \u201cdati\u201d) da Lei direttamente forniti, in seguito alla compilazione dei moduli contatto presenti nel sito;<br \/>\u2022 dati da Lei non direttamente forniti \u2013 e comunque acquisiti nei limiti di quanto previsto dall\u2019art. 14, comma 5, GDPR \u2013 la cui trasmissione \u00e8 connessa all\u2019uso dei protocolli di comunicazione di Internet (a mero titolo esemplificativo, accessi alla pagina, quantit\u00e0 di dati trasferiti, messaggio di status ad accessi avvenuti, numeri ID di sessione, indirizzi IP, indirizzi URL, etc.). Tali dati permettono di ricostruire il percorso delle Sue visite al sito.<\/p><p><b>2. Finalit\u00e0 del trattamento<\/b><br \/>I Suoi dati personali sono trattati:<br \/>A) senza il Suo consenso espresso art. 6, lett. b), e), GDPR), per le seguenti Finalit\u00e0 di Servizio:<br \/>\u2022 processare una richiesta di contatto, acquisto tramite e-commerce, richiesta maggiori informazioni su un prodotto\/servizio, ed in genere tutte le richieste legate ai moduli presenti nel sito;<br \/>\u2022 Ottimizzazione dell\u2019esperienza di navigazione all\u2019interno del sito web ed analisi statistiche relative alla navigazione.<br \/>B) Solo previo Suo specifico e inequivocabile consenso (art. 7, GDPR), per le seguenti Finalit\u00e0 di Marketing:<br \/>\u2022 inviare via e-mail newsletter, comunicazioni commerciali e\/o materiale pubblicitario su prodotti e\/o servizi, diversi e\/o dissimili da quelli gi\u00e0 acquistati<\/p><p><b>3. Natura del conferimento dei dati personali<\/b><br \/>Il conferimento dei Suoi dati per le finalit\u00e0 descritte al punto 2, lett. A), ha natura necessaria. In mancanza del conferimento non possiamo garantire la possibilit\u00e0 di dare corso alle Sue richieste.<br \/>Il conferimento dei Dati per le finalit\u00e0 descritte al punto 2, lett. B), ha invece natura facoltativa. Lei pu\u00f2 dunque decidere di non conferire alcun dato o revocare la possibilit\u00e0 di trattamento da parte nostra di dati conferiti in precedenza.<\/p><p><b>4. Modalit\u00e0 del trattamento<\/b><br \/>Il trattamento dei Suoi dati personali \u00e8 realizzato per mezzo delle operazioni indicate all\u2019art. 4, n. 2), GDPR e precisamente: raccolta, registrazione, organizzazione, conservazione, consultazione, elaborazione, modificazione, selezione, estrazione, raffronto, utilizzo, interconnessione, blocco, comunicazione, cancellazione e distruzione dei dati. Il trattamento dei Suoi Dati sar\u00e0 improntato ai principi di correttezza, liceit\u00e0 e trasparenza e potr\u00e0 essere effettuato anche attraverso modalit\u00e0 automatizzate atte a memorizzarli, gestirli e trasmetterli ed avverr\u00e0 mediante strumenti idonei, per quanto di ragione e allo stato della tecnica, a garantire la sicurezza e la riservatezza tramite l\u2019utilizzo di idonee procedure che evitino il rischio di perdita, accesso non autorizzato, uso illecito e diffusione.<\/p><p><b>5. Periodo di conservazione dei dati<\/b><br \/>Il Titolare tratter\u00e0 i dati personali per il tempo necessario per adempiere alle finalit\u00e0 di cui sopra e comunque per non oltre 10 anni dalla cessazione del rapporto per le Finalit\u00e0 di Servizio e per non oltre 2 anni dalla raccolta dei dati per le finalit\u00e0 di marketing\/analisi. Decorso tale termine di conservazione, i dati saranno distrutti o resi anonimi.<\/p><p><b>6. Accesso ai dati<\/b><br \/>I dati personali trattati dal Titolare non saranno diffusi, ovvero non ne verr\u00e0 data conoscenza a soggetti indeterminati, in nessuna possibile forma, inclusa quella della loro messa a disposizione o semplice consultazione. Potranno, invece, essere comunicati ai lavoratori che operano alle dipendenze del Titolare e ad alcuni soggetti esterni che con essi collaborano. In particolare, i Suoi dati potranno essere resi accessibili a:<br \/>\u2022 dipendenti e collaboratori del Titolare, consulenti autorizzati alla gestione del sito e alla fornitura dei relativi servizi (a titolo esemplificativo: servizi clienti, dipartimento IT, ecc.), nella loro qualit\u00e0 di Responsabili interni e\/o Incaricati del trattamento dei dati personali e\/o Amministratori di sistema;<br \/>\u2022 societ\u00e0 terze o altri soggetti (a mero titolo esemplificativo: istituti di credito, studi professionali, consulenti, compagnie di assicurazioni, etc.) che svolgono attivit\u00e0 in outsourcing per conto del Titolare, nella loro qualit\u00e0 di Responsabili esterni e\/o Incaricati del trattamento dei dati personali.<br \/>I Suoi dati potranno inoltre essere comunicati, nei limiti strettamente necessari, ai soggetti legittimati ad accedervi in forza di disposizioni di legge, regolamenti, normative comunitarie.<\/p><p><b>7. Comunicazione dei dati<\/b><br \/>Senza il Suo espresso consenso art. 6 lett. b), c), GDPR), il Titolare potr\u00e0 comunicare i Suoi dati per le finalit\u00e0 indicate a Organismi di vigilanza, Autorit\u00e0 giudiziarie nonch\u00e9 a tutti gli altri soggetti ai quali la comunicazione sia obbligatoria per legge per l\u2019espletamento delle finalit\u00e0 dette.<\/p><p><b>8. Trasferimento dati<\/b><br \/>La gestione e la conservazione dei dati personali avverranno su server del Titolare e\/o di societ\u00e0 terze incaricate e debitamente nominate quali Responsabili del trattamento, ubicati all\u2019interno dell\u2019Unione Europea, ovvero in conformit\u00e0 di quanto previsto dagli artt. 45 e seg., GDPR. Attualmente i server sono situati in Cormano (MI) via Po 146. I dati non saranno oggetto di trasferimento al di fuori dell\u2019Unione Europea. Resta in ogni caso inteso che, qualora si rendesse necessario trasferire l\u2019ubicazione dei server in Paesi extra-UE, tale spostamento avverr\u00e0 sempre in ossequio agli artt. 45 e seg., GDPR. In tal caso, comunque, il Titolare assicura sin d\u2019ora che il trasferimento dei dati extra-UE avverr\u00e0 in conformit\u00e0 alle disposizioni di legge applicabili stipulando, se necessario, accordi che garantiscano un livello di protezione adeguato e\/o adottando le clausole contrattuali standard previste dalla Commissione Europea.<\/p><p><b>9. Dati di navigazione<\/b><br \/>I sistemi informatici e le procedure software preposte al funzionamento del sito possono acquisire, nel corso della loro normale attivit\u00e0, alcuni dati personali la cui trasmissione \u00e8 implicita nell\u2019uso dei protocolli di comunicazione di Internet. Si tratta di informazioni che non vengono raccolte per essere associate a interessati identificati, ma che per loro stessa natura potrebbero, attraverso elaborazioni ed associazioni con dati detenuti da terzi, permettere di identificare gli utenti (i.e. parametri relativi al sistema operativo e all\u2019ambiente informatico dell\u2019utente). Tali dati vengono utilizzati dal Titolare al solo fine di ricavare informazioni statistiche sull\u2019uso del Sito e per controllarne il corretto funzionamento.<br \/>Tali dati possono inoltre essere utilizzati per l\u2019accertamento di responsabilit\u00e0 in caso di ipotetici reati informatici ai danni del Sito.<\/p><p><b>10. Cookies<\/b><br \/>Il Sito utilizza i cookie. Al riguardo, si invitano gli utenti a leggere accuratamente la relativa cookie policy.<\/p><p><b>11. Diritti dell\u2019interessato<\/b><br \/>In relazione al trattamento dei suoi dati personali, ha diritto di chiedere a Fismedical Srl:<br \/>\u2022 l\u2019accesso: pu\u00f2 chiedere conferma che sia o meno in essere un trattamento di dati che la riguardano, oltre a maggiori chiarimenti circa le informazioni di cui alla presente Informativa, nonch\u00e9 di ricevere i dati stessi, nei limiti della ragionevolezza;<br \/>\u2022 la rettifica: pu\u00f2 chiedere di rettificare o integrare i dati che ci ha fornito o comunque in nostro possesso, qualora inesatti;<br \/>\u2022 la cancellazione: pu\u00f2 chiedere che i suoi dati acquisiti o trattati vengano cancellati, qualora non siano pi\u00f9 necessari alle nostre finalit\u00e0 o laddove non vi siano contestazioni o controversie in essere, in caso di revoca del consenso o sua opposizione al trattamento, in caso di trattamento illecito, ovvero qualora sussista un obbligo legale di cancellazione;<br \/>\u2022 la limitazione: pu\u00f2 chiedere la limitazione del trattamento dei suoi dati personali, quando ricorre una delle condizioni di cui all\u2019art. 18 del GDPR; in tal caso, i suoi dati non saranno trattati, salvo che per la conservazione, senza il suo consenso fatta eccezione per quanto esplicitato nel medesimo articolo al comma 2.<br \/>\u2022 l\u2019opposizione: pu\u00f2 opporsi in qualunque momento al trattamento dei suoi dati sulla base di un nostro legittimo interesse, salvo che vi siano nostri motivi legittimi per procedere al trattamento che prevalgano sui suoi, per esempio per l\u2019esercizio o la nostra difesa in sede giudiziaria; la sua opposizione prevarr\u00e0 sempre e comunque sul nostro interesse legittimo a trattare i suoi dati per finalit\u00e0 di marketing;<br \/>\u2022 la portabilit\u00e0: pu\u00f2 chiedere di ricevere i suoi dati, o di farli trasmettere ad altro titolare da lei indicato, in un formato strutturato, di uso comune e leggibile da dispositivo automatico.<br \/>Inoltre, ai sensi dell\u2019art. 7, par. 3, GDPR, la informiamo che pu\u00f2 esercitare in qualsiasi momento il suo diritto di revoca del consenso, senza che venga pregiudicata la liceit\u00e0 del trattamento basata sul consenso prestato antecedentemente.<br \/>La informiamo che ha, altres\u00ec, diritto di proporre reclamo dinanzi all\u2019Autorit\u00e0 di Controllo, che in Italia \u00e8 il Garante per la Protezione dei Dati Personali.<\/p><p><b>12. Modalit\u00e0 di esercizio dei diritti<\/b><br \/>Potr\u00e0 in qualsiasi momento esercitare i diritti inviando una e-mail all\u2019indirizzo: info@fismedical.com o raccomandata A\/R a:<br \/>Fismedical Srl con sede in via Po, 146, 20032 \u2013 Cormano (MI).<\/p>\t\t\t\t\t\t\t\t<\/div>\n\t\t\t\t\t<\/div>\n\t\t\t\t<\/div>\n\t\t\t\t<\/div>\n\t\t","protected":false},"excerpt":{"rendered":"<p>NOTA INFORMATIVA SULLA PRIVACY rev.1 maggio 2022 Gentile Utente\/ Navigatore,durante la navigazione all\u2019interno del nostro sito web, a seconda delle funzionalit\u00e0 utilizzate, possono essere raccolti e trattati alcuni Suoi dati personali; ai sensi e per gli effetti del Reg. UE 2016\/679 le forniamo alcune informazioni relative al trattamento dei Suoi Dati Personali.Segnaliamo che tali dati [&hellip;]<\/p>\n","protected":false},"author":1,"featured_media":0,"parent":0,"menu_order":0,"comment_status":"closed","ping_status":"closed","template":"","meta":{"footnotes":""},"class_list":["post-1264","page","type-page","status-publish","hentry"],"aioseo_notices":[],"_links":{"self":[{"href":"https:\/\/www.fismedical.com\/verbaycreme\/wp-json\/wp\/v2\/pages\/1264","targetHints":{"allow":["GET"]}}],"collection":[{"href":"https:\/\/www.fismedical.com\/verbaycreme\/wp-json\/wp\/v2\/pages"}],"about":[{"href":"https:\/\/www.fismedical.com\/verbaycreme\/wp-json\/wp\/v2\/types\/page"}],"author":[{"embeddable":true,"href":"https:\/\/www.fismedical.com\/verbaycreme\/wp-json\/wp\/v2\/users\/1"}],"replies":[{"embeddable":true,"href":"https:\/\/www.fismedical.com\/verbaycreme\/wp-json\/wp\/v2\/comments?post=1264"}],"version-history":[{"count":4,"href":"https:\/\/www.fismedical.com\/verbaycreme\/wp-json\/wp\/v2\/pages\/1264\/revisions"}],"predecessor-version":[{"id":1268,"href":"https:\/\/www.fismedical.com\/verbaycreme\/wp-json\/wp\/v2\/pages\/1264\/revisions\/1268"}],"wp:attachment":[{"href":"https:\/\/www.fismedical.com\/verbaycreme\/wp-json\/wp\/v2\/media?parent=1264"}],"curies":[{"name":"wp","href":"https:\/\/api.w.org\/{rel}","templated":true}]}}