{"id":1244,"date":"2026-01-19T16:47:54","date_gmt":"2026-01-19T15:47:54","guid":{"rendered":"https:\/\/www.fismedical.com\/verbaycreme\/?page_id=1244"},"modified":"2026-01-19T16:48:15","modified_gmt":"2026-01-19T15:48:15","slug":"cookie-policy","status":"publish","type":"page","link":"https:\/\/www.fismedical.com\/verbaycreme\/cookie-policy\/","title":{"rendered":"Cookie Policy"},"content":{"rendered":"\t\t<div data-elementor-type=\"wp-page\" data-elementor-id=\"1244\" class=\"elementor elementor-1244\" data-elementor-post-type=\"page\">\n\t\t\t\t<div class=\"elementor-element elementor-element-5a585ea4 e-flex e-con-boxed e-con e-parent\" data-id=\"5a585ea4\" data-element_type=\"container\" data-e-type=\"container\" data-settings=\"{&quot;background_background&quot;:&quot;classic&quot;}\">\n\t\t\t\t\t<div class=\"e-con-inner\">\n\t\t\t\t<div class=\"elementor-element elementor-element-27c1d277 elementor-widget elementor-widget-heading\" data-id=\"27c1d277\" data-element_type=\"widget\" data-e-type=\"widget\" data-widget_type=\"heading.default\">\n\t\t\t\t\t<h2 class=\"elementor-heading-title elementor-size-default\">Cookie Policy<\/h2>\t\t\t\t<\/div>\n\t\t\t\t\t<\/div>\n\t\t\t\t<\/div>\n\t\t<div class=\"elementor-element elementor-element-2df7e79b e-flex e-con-boxed e-con e-parent\" data-id=\"2df7e79b\" data-element_type=\"container\" data-e-type=\"container\">\n\t\t\t\t\t<div class=\"e-con-inner\">\n\t\t\t\t<div class=\"elementor-element elementor-element-6ae3b4a elementor-widget elementor-widget-text-editor\" data-id=\"6ae3b4a\" data-element_type=\"widget\" data-e-type=\"widget\" data-widget_type=\"text-editor.default\">\n\t\t\t\t\t\t\t\t\t<p>Questo sito Web utilizza i cookie che aiutano il funzionamento del sito Web e per tenere traccia di come interagisci con esso, in modo da poterti offrire un\u2019esperienza utente migliorata e personalizzata.<br \/>Un cookie \u00e8 un piccolo file di testo all\u2019interno del quale vengono raccolte brevi informazioni relative all\u2019attivit\u00e0 di un utente su un sito internet e memorizzate sul dispositivo che ha avuto accesso al sito.<br \/>I cookies non danneggiano il dispositivo e ci consentono di garantirti una navigazione migliore e pi\u00f9 veloce sul nostro sito.<\/p><p><strong>Tipologie di cookies utilizzati dal nostro sito:<\/strong><br \/>A. Cookies tecnici essenziali: sono fondamentali per le funzioni di base del sito Web senza i quali non funzioner\u00e0 nel modo previsto.<br \/>Possiamo utilizzare anche cookies funzionali che consentono di salvare le tue preferenze e impostazioni, migliorando la tua esperienza di navigazione sul nostro sito (es. ricordare le tue preferenze in termini di accettazione o meno dei cookies). Per garantire la loro funzionalit\u00e0 e poter ricordare le tue preferenze, questi cookies non sono cancellati alla chiusura del browser; hanno, tuttavia, una durata massima predefinita e trascorso il periodo di tempo predefinito, si disattivano automaticamente. Questi cookies e i dati da essi raccolti non sono utilizzati per scopi ulteriori.<\/p><p>B. Cookies analitici: vengono utilizzati per comprendere come i visitatori interagiscono con il sito Web.<br \/>Questi cookie aiutano a fornire informazioni sulle metriche di numero di visitatori, frequenza di rimbalzo, fonte di traffico, ecc\u2026<\/p><p>C. Cookies di terze parti: integrano funzionalit\u00e0 sviluppate da terzi all\u2019interno delle pagine del sito, come le icone e le preferenze espresse nei social network per la condivisione dei contenuti del sito o per l\u2019uso di servizi software di terze parti (come i software per generare le mappe e ulteriori software che offrono servizi aggiuntivi).<br \/>Quando accedi al nostro sito viene visualizzato un apposito banner, che ti informa che sul sito sono utilizzati cookies.<br \/>Utilizzeremo i cookie solo se acconsenti facendo clic nel banner \u201cConsenso dei cookie\u201d su \u201cAccetto\u201d.<br \/>Puoi anche gestire le preferenze dei singoli cookie facendo clic nel banner \u201cConsenso dei cookie\u201d su \u201cPreferenze\u201d.<br \/>Terremo traccia del tuo eventuale consenso mediante un apposito cookie tecnico. In questo modo, eviteremo di farti visualizzare il banner sui cookies nel corso delle tue successive visite al sito; qualora tu decida di modificare il tuo consenso cookie, potrai farlo facendo clic sul banner \u201cImpostazione dei cookie\u201d presente in basso a destra.<\/p><p>Per qualsiasi informazione riguardante le modalit\u00e0 e le finalit\u00e0 di trattamento, nonch\u00e9 sull\u2019esercizio dei tuoi diritti, leggi attentamente la nostra Informativa Privacy.<br \/>Ti invitiamo a visionare regolarmente questa Cookie Policy per prendere visione di eventuali modifiche.<\/p>\t\t\t\t\t\t\t\t<\/div>\n\t\t\t\t\t<\/div>\n\t\t\t\t<\/div>\n\t\t\t\t<\/div>\n\t\t","protected":false},"excerpt":{"rendered":"<p>Questo sito Web utilizza i cookie che aiutano il funzionamento del sito Web e per tenere traccia di come interagisci con esso, in modo da poterti offrire un\u2019esperienza utente migliorata e personalizzata.Un cookie \u00e8 un piccolo file di testo all\u2019interno del quale vengono raccolte brevi informazioni relative all\u2019attivit\u00e0 di un utente su un sito internet [&hellip;]<\/p>\n","protected":false},"author":1,"featured_media":0,"parent":0,"menu_order":0,"comment_status":"closed","ping_status":"closed","template":"","meta":{"footnotes":""},"class_list":["post-1244","page","type-page","status-publish","hentry"],"aioseo_notices":[],"_links":{"self":[{"href":"https:\/\/www.fismedical.com\/verbaycreme\/wp-json\/wp\/v2\/pages\/1244","targetHints":{"allow":["GET"]}}],"collection":[{"href":"https:\/\/www.fismedical.com\/verbaycreme\/wp-json\/wp\/v2\/pages"}],"about":[{"href":"https:\/\/www.fismedical.com\/verbaycreme\/wp-json\/wp\/v2\/types\/page"}],"author":[{"embeddable":true,"href":"https:\/\/www.fismedical.com\/verbaycreme\/wp-json\/wp\/v2\/users\/1"}],"replies":[{"embeddable":true,"href":"https:\/\/www.fismedical.com\/verbaycreme\/wp-json\/wp\/v2\/comments?post=1244"}],"version-history":[{"count":4,"href":"https:\/\/www.fismedical.com\/verbaycreme\/wp-json\/wp\/v2\/pages\/1244\/revisions"}],"predecessor-version":[{"id":1248,"href":"https:\/\/www.fismedical.com\/verbaycreme\/wp-json\/wp\/v2\/pages\/1244\/revisions\/1248"}],"wp:attachment":[{"href":"https:\/\/www.fismedical.com\/verbaycreme\/wp-json\/wp\/v2\/media?parent=1244"}],"curies":[{"name":"wp","href":"https:\/\/api.w.org\/{rel}","templated":true}]}}