{"id":1228,"date":"2026-01-19T16:44:31","date_gmt":"2026-01-19T15:44:31","guid":{"rendered":"https:\/\/www.fismedical.com\/verbaycreme\/?page_id=1228"},"modified":"2026-01-19T16:44:50","modified_gmt":"2026-01-19T15:44:50","slug":"condizioni-generali","status":"publish","type":"page","link":"https:\/\/www.fismedical.com\/verbaycreme\/condizioni-generali\/","title":{"rendered":"Condizioni Generali"},"content":{"rendered":"\t\t<div data-elementor-type=\"wp-page\" data-elementor-id=\"1228\" class=\"elementor elementor-1228\" data-elementor-post-type=\"page\">\n\t\t\t\t<div class=\"elementor-element elementor-element-6c2f3b70 e-flex e-con-boxed e-con e-parent\" data-id=\"6c2f3b70\" data-element_type=\"container\" data-e-type=\"container\" data-settings=\"{&quot;background_background&quot;:&quot;classic&quot;}\">\n\t\t\t\t\t<div class=\"e-con-inner\">\n\t\t\t\t<div class=\"elementor-element elementor-element-3b54ce71 elementor-widget elementor-widget-heading\" data-id=\"3b54ce71\" data-element_type=\"widget\" data-e-type=\"widget\" data-widget_type=\"heading.default\">\n\t\t\t\t\t<h2 class=\"elementor-heading-title elementor-size-default\">Condizioni Generali<\/h2>\t\t\t\t<\/div>\n\t\t\t\t\t<\/div>\n\t\t\t\t<\/div>\n\t\t<div class=\"elementor-element elementor-element-77355230 e-flex e-con-boxed e-con e-parent\" data-id=\"77355230\" data-element_type=\"container\" data-e-type=\"container\">\n\t\t\t\t\t<div class=\"e-con-inner\">\n\t\t\t\t<div class=\"elementor-element elementor-element-6ba764e elementor-widget elementor-widget-text-editor\" data-id=\"6ba764e\" data-element_type=\"widget\" data-e-type=\"widget\" data-widget_type=\"text-editor.default\">\n\t\t\t\t\t\t\t\t\t<p><strong><u>Disposizioni Generali<\/u><\/strong><\/p><p>Le condizioni di seguito indicate hanno efficacia esclusivamente tra la societ\u00e0 FISMEDICAL srl\u00a0 con sede legale in Via Po n. 146 &#8211; 20032 Cormano (MI) &#8211; Partita Iva\u00a0 03365760150 (di seguito denominata FISMEDICAL) e qualsiasi persona (di seguito denominata \u201cCLIENTE\u201d) che effettui acquisti on line sul sito internet, conformemente alle disposizioni del Codice del Consumo, di cui al D.lgs. n. 206\/2005, modificato dal D.lgs. n. 21\/2014 e dal D.lgs. 70\/2003, in materia di commercio elettronico.<\/p><p>Queste condizioni possono essere oggetto di modifiche e la data di pubblicazione delle stesse sul sito equivale alla data di entrata in vigore.<\/p><p><strong><u>ARTICOLO 1 \u2013 Oggetto del contratto<\/u><\/strong><\/p><p>Il contratto ha ad oggetto la vendita, da parte di FISMEDICAL al CLIENTE, dei prodotti pubblicati sul sito, ove viene espressamente indicato il nome del bene e le caratteristiche essenziali dello stesso.<\/p><p>FISMEDICAL si impegna a descrivere e presentare gli articoli venduti sul sito nel miglior modo possibile. Ciononostante potrebbero evidenziarsi alcuni errori, imprecisioni o piccole differenze tra il sito ed il prodotto reale. Inoltre le fotografie dei prodotti presentati su non costituiscono elemento contrattuale, ma solo rappresentative, in quanto i colori e le caratteristiche estetiche della confezione, delle etichette e del prodotto possono subire variazioni a causa del monitor utilizzato dal CLIENTE; il venditore non garantisce pertanto la riproduzione veritiera degli stessi.<\/p><p>I dati pubblicati sul sito possono essere oggetto di modifiche o aggiornamenti, al fine di un migliore servizio per il CLIENTE; ogni eventuale variazione sar\u00e0 prontamente comunicata all&#8217;atto della conferma dell&#8217;ordine.<\/p><p>Il cliente si impegna a prendere visione, prima di procedere alla conferma del proprio ordine, delle presenti condizioni generali di vendita, in particolare delle informazioni precontrattuali fornite da FISMEDICAL e ad accettarle mediante l\u2019 apposizione di un flag nella casella indicata.<\/p><p>Nella e-mail di conferma dell\u2019ordine, il CLIENTE ricever\u00e0 anche il link per scaricare e archiviare una copia delle presenti condizioni generali di vendita, cosi come previsto dall\u2019art. 51 comma 1 del D.Lgs 206\/2005, modificato dal D.lgs 21\/2014.<\/p><p><strong><u>ARTICOLO 2 \u2013 Informazioni precontrattuali per il consumatore \u2013 art. 49 del D.lgs 206\/205<\/u><\/strong><\/p><p>Prima della conclusione del contratto di acquisto e prima della convalida dell\u2019ordine con \u201cobbligo di pagamento\u201d, il CLIENTE viene informato in conformit\u00e0 a quanto previsto dall&#8217;art.49 del Codice del Consumo e, tra l&#8217;altro, di:<\/p><p>-caratteristiche principali del bene;<\/p><p>-identit\u00e0 del venditore, nonch\u00e9 indirizzo e recapiti di riferimento;<\/p><p>-prezzo totale dei beni comprensivo delle imposte, con il dettaglio delle spese di spedizione e ogni altro costo;<\/p><p>-modalit\u00e0 di pagamento;<\/p><p>-termine entro il quale FISMEDICAL si impegna a consegnare la merce;<\/p><p>-esistenza della garanzia legale di conformit\u00e0 per i beni acquistati.<\/p><p>In ogni caso, il CLIENTE pu\u00f2 in qualsiasi momento e comunque prima della conclusione del contratto, prendere conoscenza delle informazioni relative a FISMEDICAL, quali l\u2019indirizzo geografico, il numero di telefono e fax, l&#8217;indirizzo di posta elettronica. Dette informazioni vengono riportate, anche di seguito:<\/p><p>FISMEDICAL srl<\/p><p>Via Po 146<\/p><p>20032 CORMANO &#8211; Milano<\/p><p>Tel. 02\/6152374<\/p><p>Fax. 02 6152347<\/p><p><a href=\"mailto:info@fismedical.com\">info@fismedical.com<\/a><\/p><p><strong><u>ARTICOLO 3 \u2013 Conclusione ed efficacia del contratto<\/u><\/strong><\/p><p>E&#8217; possibile concludere il contratto esclusivamente attraverso la rete internet, mediante l\u2019accesso del CLIENTE all\u2019indirizzo <a href=\"http:\/\/www.fismedical.com\">www.fismedical.com<\/a> e la realizzazione di un ordine di acquisto secondo la procedura prevista dal sito stesso.<\/p><p>In particolare, il contratto di vendita \u00e8 considerato concluso con l\u2019invio da parte di FISMEDICAL \u00a0al CLIENTE di un\u2019 e-mail di conferma dell\u2019ordine. L\u2019 e-mail contiene i dati del CLIENTE e il numero di ordine, il prezzo della merce acquistata, le spese di spedizione e l\u2019 indirizzo di consegna al quale sar\u00e0 inviata la merce.<\/p><p>Il CLIENTE si impegna a verificare la correttezza dei dati personali in essa contenuti e a comunicare tempestivamente a FISMEDICAL \u00a0eventuali correzioni.<\/p><p><strong><u>ARTICOLO 4 \u2013 Disponibilit\u00e0 dei prodotti<\/u><\/strong><\/p><p>La disponibilit\u00e0 dei prodotti si riferisce a quella effettiva al momento in cui il CLIENTE effettua l\u2019ordine. Tale disponibilit\u00e0 deve comunque essere considerata puramente indicativa perch\u00e9, per effetto della contemporanea presenza sul sito di pi\u00f9 utenti, i prodotti potrebbero essere venduti ad altri CLIENTI prima della conferma dell\u2019ordine.<\/p><p>Anche in seguito all\u2019invio della e-mail di conferma d&#8217;ordine inviata da FISMEDICAL, potrebbero verificarsi casi di indisponibilit\u00e0 parziale o totale della merce. In questa eventualit\u00e0, FISMEDICAL provveder\u00e0 a contattare il CLIENTE, attivandosi per concordare insieme la soluzione pi\u00f9 idonea. Qualora, in detta ultima ipotesi non vi sia possibilit\u00e0 di trovare un accordo, il CLIENTE potr\u00e0 richiedere l\u2019annullamento dell\u2019ordine, risolvendo il contratto. FISMEDICAL rimborser\u00e0 l\u2019importo eventualmente gi\u00e0 pagato entro 14 giorni dal giorno in cui FISMEDICAL ha avuto conoscenza della decisione del cliente di risolvere il contratto.<\/p><p><strong><u>ARTICOLO 5 \u2013 I prezzi<\/u><\/strong><\/p><p>Tutti i prezzi di vendita dei prodotti indicati sul sito sono espressi in Euro e sono comprensivi di IVA.<\/p><p>Il minimo d&#8217;ordine per gli acquisti sul sito internet www.fismedical.com \u00e8 pari a euro 20.00 comprensivo di IVA<\/p><p>I costi di spedizione sull&#8217;intero territorio nazionale sono cos\u00ec a carico del cliente e cos\u00ec ripartiti: euro 4 Euro iva inclusa per tutti gli ordini di importo fino a 100 euro iva esclusa; spedizione gratuita per tutti gli ordini con importo maggiore a euro 100 iva inclusa.<\/p><p>In caso di danni visibili alla confezione, il cliente \u00e8 tenuto a controllare, al momento della consegna, il prodotto fornito in presenza del corriere, e ad accettare il ritiro &#8220;con riserva&#8221;.<\/p><p>Il CLIENTE accetta la facolt\u00e0 di FISMEDICAL \u00a0di modificare i suoi prezzi in qualsiasi momento; resta in ogni caso inteso che la merce sar\u00e0 fatturata sulla base dei prezzi indicati sul sito al momento della creazione dell\u2019ordine e indicati nell\u2019 e-mail di conferma, inviata da FISMEDICAL \u00a0al CLIENTE.<\/p><p>In caso di errore informatico, manuale, tecnico o di qualsiasi altra natura che comporti un cambiamento sostanziale, non previsto da FISMEDICAL, del prezzo di vendita al pubblico, tale da renderlo esorbitante o chiaramente irrisorio, l\u2019ordine d\u2019acquisto sar\u00e0 considerato non valido e annullato e l\u2019importo eventualmente versato dal CLIENTE sar\u00e0 rimborsato entro 14 gg dal giorno dell\u2019annullamento.<\/p><p><strong><u>ARTICOLO 6 \u2013 Modalit\u00e0 di pagamento<\/u><\/strong><\/p><p>Ogni pagamento da parte del CLIENTE potr\u00e0 avvenire unicamente per mezzo PayPal oppure in contrassegno \u00a0presso i nostri uffici siti in Via Po 146 \u2013 20032 Cormano<\/p><p>Le informazioni relative al pagamento non saranno mai utilizzate da Fismedical Srl. se non per completare le procedure relative all&#8217;acquisto<\/p><p><strong><u>ARTICOLO 7 \u2013 Diritto di recesso<\/u><\/strong><\/p><p>I beni commercializzati sul sito www.fismedical.com rientrano nelle eccezioni al Diritto di Recesso come previsto dall\u2019Art. 59 del Codice del Consumo poich\u00e9 \u201cbeni che non si prestano ad essere restituiti per motivi igienici o connessi alla protezione della salute\u201d. Pertanto tutti gli acquisti effettuati sul sito non prevedono la possibilit\u00e0 del Diritto di Recesso<\/p><p><strong>\u00a0<\/strong><\/p><p><strong><u>ARTICOLO 8 \u2013 Garanzia legale di conformit\u00e0<\/u><\/strong><\/p><p>In caso di ricezione di prodotti non conformi agli ordini o difettosi, il CLIENTE ha diritto al ripristino senza spese della conformit\u00e0 del prodotto mediante sostituzione del prodotto. Il CLIENTE pu\u00f2 esercitare tale diritto se denuncia il difetto a FISMEDICAL \u00a0entro 8 giorni lavorativi dalla ricezione della merce, inviando una mail a: <a href=\"mailto:info@fismedical.com\">info@fismedical.com<\/a> \u00a0o un fax allo 02.6152347<\/p><p>FISMEDICAL , in caso di prodotto difettoso o non conforme, provveder\u00e0, a proprie spese, ad organizzare il ritiro del prodotto, compatibilmente con la disponibilit\u00e0 del CLIENTE.<\/p><p><strong><u>ARTICOLO 9 \u2013 Modalit\u00e0 di consegna<\/u><\/strong><\/p><p>FISMEDICAL Srl \u00a0accetter\u00e0 solo ordini da consegnare nel territorio italiano. FISMEDICAL srl si impegna a consegnare la merce, tramite corriere all\u2019indirizzo indicato dal CLIENTE al momento dell\u2019ordine, entro 10 giorni decorrenti dell\u2019invio da parte di FISMEDICAL Srl della e-mail di conferma d\u2019ordine al CLIENTE.<\/p><p>Il CLIENTE al ricevimento della merce \u00e8 tenuto a verificarne l\u2019 integrit\u00e0; qualora il CLIENTE avesse dubbi circa l\u2019 integrit\u00e0 della stessa dovr\u00e0 indicarlo sulla ricevuta di consegna, indicando riserva scritta o rottura collo e non ritirare il collo rotto, riconsegnandolo al corriere.<\/p><p>Per ogni ordine effettuato sul sito www.fismedical.com , FISMEDICAL Srl emetter\u00e0 fattura della merce spedita. La fattura verr\u00e0 inserita nel pacco di consegna<\/p><p>La fattura conterr\u00e0 tutte le informazioni fornite dal CLIENTE durante la procedura di acquisto.<\/p><p>Dopo l\u2019emissione della fattura, non sar\u00e0 pi\u00f9 possibile apportare alcuna modifica ai dati indicati nella stessa.<\/p><p><strong><u>ARTICOLO 10 &#8211;\u00a0 Responsabilit\u00e0<\/u><\/strong><\/p><p>FISMEDICAL Srl non assume alcuna responsabilit\u00e0 per disservizi imputabili a causa di forza maggiore o caso fortuito, anche ove dipendenti da malfunzionamenti e disservizi della rete internet, nel caso in cui non riesca a dare esecuzione all\u2019ordine nei tempi previsti. FISMEDICAL Srl non risponde dell\u2019operato del corriere che trasporta la merce, in caso di ritardo nella consegna o danneggiamento della stessa.<\/p><p><strong><u>ARTICOLO 11 \u2013 Accesso al sito<\/u><\/strong><\/p><p>Il CLIENTE ha diritto ad accedere al sito per la consultazione e l\u2019effettuazione degli acquisti. Non \u00e8 consentito alcun altro utilizzo, in particolare commerciale, del sito o del suo contenuto. L\u2019 integrit\u00e0 degli elementi di questo sito, che siano sonori o visivi, e la relativa tecnologia utilizzata rimangono di propriet\u00e0 di FISMEDICAL Srl e sono protetti dal diritto di propriet\u00e0 intellettuale.<\/p><p><strong><u>ARTICOLO 12 \u2013 Cookies<\/u><\/strong><\/p><p>Il sito web utilizza i cookies. I cookies sono file elettronici che registrano informazioni relative alla navigazione del CLIENTE nel sito (pagine consultate, data ed ora della consultazione etc\u2026.) e che permettono a FISMEDICAL \u00a0di offrire un servizio personalizzato ai propri clienti.<\/p><p>FISMEDICAL \u00a0informa il cliente della possibilit\u00e0 di disattivare la creazione di tali file, accedendo al proprio men\u00f9 di configurazione internet. Resta inteso che la disattivazione dei cookies impedir\u00e0 al CLIENTE di procedere all\u2019acquisto on line.<\/p><p><strong><u>ARTICOLO 13 \u2013 Conferimento e trattamento dei dati personali<\/u><\/strong><\/p><p>FISMEDICAL srl si impegna a raccogliere i dati personali con l&#8217;esclusiva finalit\u00e0 di registrare il CLIENTE e attivare nei suoi confronti la procedura per dare esecuzione all&#8217;ordine; i dati saranno trattati nel rispetto della normativa in materia vigente. Il CLIENTE presta il consenso al trattamento dei dati personali per l&#8217;espletamento dell&#8217;ordine e per la ricezione di newsletter.<\/p><p><strong><u>ARTICOLO 14 \u2013 Integralit\u00e0<\/u><\/strong><\/p><p>Le presenti condizioni generali di vendita sono costituite dalla totalit\u00e0 delle clausole che la compongono. Se una o pi\u00f9 disposizioni delle presenti condizioni generali di vendita fosse considerata non valida o dichiarata tale ai sensi della legge, della regolamentazione o in seguito ad una decisione da parte di un tribunale avente giurisdizione, le altre disposizioni continueranno ad avere pieno vigore ed efficacia.<\/p><p><strong><u>ARTICOLO 15 \u2013 Legge applicabile e Foro competente<\/u><\/strong><\/p><p>Le presenti Condizioni Generali di Vendita sono sottoposte alla legge italiana.<\/p><p>Ogni controversia che dovesse sorgere sar\u00e0 inderogabilmente sottoposta alla competenza territoriale del giudice del luogo di residenza o di domicilio del consumatore, se ubicati nel territorio dello Stato; diversamente la competenza sar\u00e0 esclusiva del Tribunale di Milano.<\/p><p>Condizioni generali aggiornate il 13\/12\/18<\/p>\t\t\t\t\t\t\t\t<\/div>\n\t\t\t\t\t<\/div>\n\t\t\t\t<\/div>\n\t\t\t\t<\/div>\n\t\t","protected":false},"excerpt":{"rendered":"<p>Disposizioni Generali Le condizioni di seguito indicate hanno efficacia esclusivamente tra la societ\u00e0 FISMEDICAL srl\u00a0 con sede legale in Via Po n. 146 &#8211; 20032 Cormano (MI) &#8211; Partita Iva\u00a0 03365760150 (di seguito denominata FISMEDICAL) e qualsiasi persona (di seguito denominata \u201cCLIENTE\u201d) che effettui acquisti on line sul sito internet, conformemente alle disposizioni del Codice [&hellip;]<\/p>\n","protected":false},"author":1,"featured_media":0,"parent":0,"menu_order":0,"comment_status":"closed","ping_status":"closed","template":"","meta":{"footnotes":""},"class_list":["post-1228","page","type-page","status-publish","hentry"],"aioseo_notices":[],"_links":{"self":[{"href":"https:\/\/www.fismedical.com\/verbaycreme\/wp-json\/wp\/v2\/pages\/1228","targetHints":{"allow":["GET"]}}],"collection":[{"href":"https:\/\/www.fismedical.com\/verbaycreme\/wp-json\/wp\/v2\/pages"}],"about":[{"href":"https:\/\/www.fismedical.com\/verbaycreme\/wp-json\/wp\/v2\/types\/page"}],"author":[{"embeddable":true,"href":"https:\/\/www.fismedical.com\/verbaycreme\/wp-json\/wp\/v2\/users\/1"}],"replies":[{"embeddable":true,"href":"https:\/\/www.fismedical.com\/verbaycreme\/wp-json\/wp\/v2\/comments?post=1228"}],"version-history":[{"count":4,"href":"https:\/\/www.fismedical.com\/verbaycreme\/wp-json\/wp\/v2\/pages\/1228\/revisions"}],"predecessor-version":[{"id":1232,"href":"https:\/\/www.fismedical.com\/verbaycreme\/wp-json\/wp\/v2\/pages\/1228\/revisions\/1232"}],"wp:attachment":[{"href":"https:\/\/www.fismedical.com\/verbaycreme\/wp-json\/wp\/v2\/media?parent=1228"}],"curies":[{"name":"wp","href":"https:\/\/api.w.org\/{rel}","templated":true}]}}