{"id":1223,"date":"2026-01-19T16:44:02","date_gmt":"2026-01-19T15:44:02","guid":{"rendered":"https:\/\/www.fismedical.com\/verbaycreme\/?page_id=1223"},"modified":"2026-01-19T16:44:19","modified_gmt":"2026-01-19T15:44:19","slug":"chi-siamo","status":"publish","type":"page","link":"https:\/\/www.fismedical.com\/verbaycreme\/chi-siamo\/","title":{"rendered":"Chi Siamo"},"content":{"rendered":"\t\t<div data-elementor-type=\"wp-page\" data-elementor-id=\"1223\" class=\"elementor elementor-1223\" data-elementor-post-type=\"page\">\n\t\t\t\t<div class=\"elementor-element elementor-element-784a285d e-flex e-con-boxed e-con e-parent\" data-id=\"784a285d\" data-element_type=\"container\" data-e-type=\"container\" data-settings=\"{&quot;background_background&quot;:&quot;classic&quot;}\">\n\t\t\t\t\t<div class=\"e-con-inner\">\n\t\t\t\t<div class=\"elementor-element elementor-element-31d9bc9b elementor-widget elementor-widget-heading\" data-id=\"31d9bc9b\" data-element_type=\"widget\" data-e-type=\"widget\" data-widget_type=\"heading.default\">\n\t\t\t\t\t<h2 class=\"elementor-heading-title elementor-size-default\">Chi Siamo<\/h2>\t\t\t\t<\/div>\n\t\t\t\t\t<\/div>\n\t\t\t\t<\/div>\n\t\t<div class=\"elementor-element elementor-element-57be1b42 e-flex e-con-boxed e-con e-parent\" data-id=\"57be1b42\" data-element_type=\"container\" data-e-type=\"container\" data-settings=\"{&quot;background_background&quot;:&quot;classic&quot;}\">\n\t\t\t\t\t<div class=\"e-con-inner\">\n\t\t<div class=\"elementor-element elementor-element-8eb6e54 e-con-full e-flex e-con e-child\" data-id=\"8eb6e54\" data-element_type=\"container\" data-e-type=\"container\">\n\t\t\t\t<div class=\"elementor-element elementor-element-79536016 elementor-widget elementor-widget-heading\" data-id=\"79536016\" data-element_type=\"widget\" data-e-type=\"widget\" data-widget_type=\"heading.default\">\n\t\t\t\t\t<h2 class=\"elementor-heading-title elementor-size-default\">Scopri la nostra linea<\/BR>\ncorpo dermoprotettiva<\/h2>\t\t\t\t<\/div>\n\t\t<div class=\"elementor-element elementor-element-b509fcf e-con-full e-flex e-con e-child\" data-id=\"b509fcf\" data-element_type=\"container\" data-e-type=\"container\">\n\t\t\t\t<div class=\"elementor-element elementor-element-1040ef29 elementor-widget__width-initial elementor-widget-divider--view-line elementor-widget elementor-widget-divider\" data-id=\"1040ef29\" data-element_type=\"widget\" data-e-type=\"widget\" data-widget_type=\"divider.default\">\n\t\t\t\t\t\t\t<div class=\"elementor-divider\">\n\t\t\t<span class=\"elementor-divider-separator\">\n\t\t\t\t\t\t<\/span>\n\t\t<\/div>\n\t\t\t\t\t\t<\/div>\n\t\t\t\t<div class=\"elementor-element elementor-element-705d2cc1 elementor-widget elementor-widget-heading\" data-id=\"705d2cc1\" data-element_type=\"widget\" data-e-type=\"widget\" data-widget_type=\"heading.default\">\n\t\t\t\t\t<h2 class=\"elementor-heading-title elementor-size-default\">PRENDITI CURA DI TE......<\/h2>\t\t\t\t<\/div>\n\t\t\t\t<\/div>\n\t\t\t\t<div class=\"elementor-element elementor-element-2a84c5ff elementor-widget elementor-widget-text-editor\" data-id=\"2a84c5ff\" data-element_type=\"widget\" data-e-type=\"widget\" data-widget_type=\"text-editor.default\">\n\t\t\t\t\t\t\t\t\t<p data-start=\"183\" data-end=\"554\">La nostra Societ\u00e0 opera con passione e competenza da oltre <strong data-start=\"242\" data-end=\"278\">40 anni nel settore della sanit\u00e0<\/strong>, maturando un\u2019esperienza solida e approfondita nella cura e nella protezione della persona. In tutti questi anni abbiamo imparato ad ascoltare con attenzione i bisogni reali di chi si affida a noi, traducendo l\u2019esperienza sul campo in prodotti affidabili, sicuri ed efficaci.<\/p><p data-start=\"556\" data-end=\"1119\">Comprendiamo molto bene le esigenze e le problematiche di chi necessita di cure specifiche, come <strong data-start=\"653\" data-end=\"666\">i bambini<\/strong>, che hanno una pelle particolarmente delicata, <strong data-start=\"714\" data-end=\"729\">gli anziani<\/strong>, la cui cute richiede attenzioni mirate, ma anche tutte quelle persone che soffrono di <strong data-start=\"817\" data-end=\"844\">ipersensibilit\u00e0 cutanea<\/strong> o che non tollerano prodotti cosmetici troppo aggressivi. Proprio per questo abbiamo sviluppato una <strong data-start=\"945\" data-end=\"980\">linea cosmetica dermoprotettiva<\/strong>, studiata per rispettare l\u2019equilibrio naturale della pelle e garantire una detersione efficace ma allo stesso tempo estremamente delicata.<\/p><p data-start=\"1121\" data-end=\"1629\">I nostri prodotti nascono da un\u2019attenta selezione delle materie prime e da formulazioni pensate per offrire <strong data-start=\"1229\" data-end=\"1275\">protezione, comfort e benessere quotidiano<\/strong>. In particolare, il <strong data-start=\"1296\" data-end=\"1311\">bagnodoccia<\/strong> e il <strong data-start=\"1317\" data-end=\"1338\">detergente intimo<\/strong> sono stati <strong data-start=\"1350\" data-end=\"1399\">dermatologicamente testati su pelli sensibili<\/strong>, per assicurare la massima tollerabilit\u00e0 anche in caso di utilizzo frequente. Ogni fase dello sviluppo \u00e8 orientata alla sicurezza e alla qualit\u00e0, perch\u00e9 la pelle \u00e8 una barriera fondamentale da rispettare e proteggere ogni giorno.<\/p><p data-start=\"1631\" data-end=\"1935\">La garanzia che possiamo offrirvi \u00e8 quella di un <strong data-start=\"1680\" data-end=\"1734\">prodotto affidabile, di alta qualit\u00e0 e accessibile<\/strong>, perch\u00e9 crediamo che il benessere della persona non debba essere un lusso, ma un diritto alla portata di tutti. Il nostro obiettivo \u00e8 unire <strong data-start=\"1875\" data-end=\"1915\">efficacia, delicatezza e convenienza<\/strong>, senza compromessi.<\/p><p data-start=\"1937\" data-end=\"2147\"><strong data-start=\"1937\" data-end=\"1964\">PROVA i nostri prodotti<\/strong> e scopri una nuova idea di detersione: rispettosa, sicura e pensata per tutta la famiglia.<br data-start=\"2055\" data-end=\"2058\" \/>Siamo certi che ti troverai benissimo, perch\u00e9 la tua pelle merita il meglio, ogni giorno.<\/p>\t\t\t\t\t\t\t\t<\/div>\n\t\t\t\t<\/div>\n\t\t<div class=\"elementor-element elementor-element-fe84825 e-con-full e-flex e-con e-child\" data-id=\"fe84825\" data-element_type=\"container\" data-e-type=\"container\">\n\t\t\t\t<div class=\"elementor-element elementor-element-7b650616 elementor-widget elementor-widget-image\" data-id=\"7b650616\" data-element_type=\"widget\" data-e-type=\"widget\" data-widget_type=\"image.default\">\n\t\t\t\t\t\t\t\t\t\t\t\t\t\t\t<img fetchpriority=\"high\" decoding=\"async\" width=\"1024\" height=\"1536\" src=\"https:\/\/www.fismedical.com\/verbaycreme\/wp-content\/uploads\/2026\/01\/img.png\" class=\"attachment-full size-full wp-image-1207\" alt=\"\" srcset=\"https:\/\/www.fismedical.com\/verbaycreme\/wp-content\/uploads\/2026\/01\/img.png 1024w, https:\/\/www.fismedical.com\/verbaycreme\/wp-content\/uploads\/2026\/01\/img-200x300.png 200w, https:\/\/www.fismedical.com\/verbaycreme\/wp-content\/uploads\/2026\/01\/img-683x1024.png 683w, https:\/\/www.fismedical.com\/verbaycreme\/wp-content\/uploads\/2026\/01\/img-768x1152.png 768w, https:\/\/www.fismedical.com\/verbaycreme\/wp-content\/uploads\/2026\/01\/img-600x900.png 600w\" sizes=\"(max-width: 1024px) 100vw, 1024px\" \/>\t\t\t\t\t\t\t\t\t\t\t\t\t\t\t<\/div>\n\t\t\t\t<\/div>\n\t\t\t\t\t<\/div>\n\t\t\t\t<\/div>\n\t\t<div class=\"elementor-element elementor-element-2b4dd620 e-flex e-con-boxed e-con e-parent\" data-id=\"2b4dd620\" data-element_type=\"container\" data-e-type=\"container\" data-settings=\"{&quot;background_background&quot;:&quot;gradient&quot;}\">\n\t\t\t\t\t<div class=\"e-con-inner\">\n\t\t<div class=\"elementor-element elementor-element-272bf528 e-con-full e-flex e-con e-child\" data-id=\"272bf528\" data-element_type=\"container\" data-e-type=\"container\" data-settings=\"{&quot;background_background&quot;:&quot;classic&quot;}\">\n\t\t\t\t<div class=\"elementor-element elementor-element-16c4a0a1 elementor-widget elementor-widget-heading\" data-id=\"16c4a0a1\" data-element_type=\"widget\" data-e-type=\"widget\" data-widget_type=\"heading.default\">\n\t\t\t\t\t<h2 class=\"elementor-heading-title elementor-size-default\">Hai bisogno di informazioni?<\/h2>\t\t\t\t<\/div>\n\t\t<div class=\"elementor-element elementor-element-5dc94073 e-con-full e-flex e-con e-child\" data-id=\"5dc94073\" data-element_type=\"container\" data-e-type=\"container\">\n\t\t\t\t<div class=\"elementor-element elementor-element-489867ec elementor-widget__width-initial elementor-widget-divider--view-line elementor-widget elementor-widget-divider\" data-id=\"489867ec\" data-element_type=\"widget\" data-e-type=\"widget\" data-widget_type=\"divider.default\">\n\t\t\t\t\t\t\t<div class=\"elementor-divider\">\n\t\t\t<span class=\"elementor-divider-separator\">\n\t\t\t\t\t\t<\/span>\n\t\t<\/div>\n\t\t\t\t\t\t<\/div>\n\t\t\t\t<div class=\"elementor-element elementor-element-60eec76f elementor-align-left elementor-widget elementor-widget-button\" data-id=\"60eec76f\" data-element_type=\"widget\" data-e-type=\"widget\" data-widget_type=\"button.default\">\n\t\t\t\t\t\t\t\t\t\t<a class=\"elementor-button elementor-button-link elementor-size-sm\" href=\"https:\/\/www.fismedical.com\/verbaycreme\/contatti\/\">\n\t\t\t\t\t\t<span class=\"elementor-button-content-wrapper\">\n\t\t\t\t\t\t\t\t\t<span class=\"elementor-button-text\">RICHIEDI INFORMAZIONI<\/span>\n\t\t\t\t\t<\/span>\n\t\t\t\t\t<\/a>\n\t\t\t\t\t\t\t\t<\/div>\n\t\t\t\t<\/div>\n\t\t\t\t<\/div>\n\t\t\t\t\t<\/div>\n\t\t\t\t<\/div>\n\t\t\t\t<\/div>\n\t\t","protected":false},"excerpt":{"rendered":"<p>Scopri la nostra linea corpo dermoprotettiva PRENDITI CURA DI TE&#8230;&#8230; La nostra Societ\u00e0 opera con passione e competenza da oltre 40 anni nel settore della sanit\u00e0, maturando un\u2019esperienza solida e approfondita nella cura e nella protezione della persona. In tutti questi anni abbiamo imparato ad ascoltare con attenzione i bisogni reali di chi si affida [&hellip;]<\/p>\n","protected":false},"author":1,"featured_media":0,"parent":0,"menu_order":0,"comment_status":"closed","ping_status":"closed","template":"","meta":{"footnotes":""},"class_list":["post-1223","page","type-page","status-publish","hentry"],"aioseo_notices":[],"_links":{"self":[{"href":"https:\/\/www.fismedical.com\/verbaycreme\/wp-json\/wp\/v2\/pages\/1223","targetHints":{"allow":["GET"]}}],"collection":[{"href":"https:\/\/www.fismedical.com\/verbaycreme\/wp-json\/wp\/v2\/pages"}],"about":[{"href":"https:\/\/www.fismedical.com\/verbaycreme\/wp-json\/wp\/v2\/types\/page"}],"author":[{"embeddable":true,"href":"https:\/\/www.fismedical.com\/verbaycreme\/wp-json\/wp\/v2\/users\/1"}],"replies":[{"embeddable":true,"href":"https:\/\/www.fismedical.com\/verbaycreme\/wp-json\/wp\/v2\/comments?post=1223"}],"version-history":[{"count":4,"href":"https:\/\/www.fismedical.com\/verbaycreme\/wp-json\/wp\/v2\/pages\/1223\/revisions"}],"predecessor-version":[{"id":1227,"href":"https:\/\/www.fismedical.com\/verbaycreme\/wp-json\/wp\/v2\/pages\/1223\/revisions\/1227"}],"wp:attachment":[{"href":"https:\/\/www.fismedical.com\/verbaycreme\/wp-json\/wp\/v2\/media?parent=1223"}],"curies":[{"name":"wp","href":"https:\/\/api.w.org\/{rel}","templated":true}]}}